{"id":48712,"date":"2026-05-14T09:09:06","date_gmt":"2026-05-14T05:09:06","guid":{"rendered":"http:\/\/mycloud.ge\/ge\/shop\/ data-trpgettextoriginal=uncategorized\/bluetti-ac50p-portable-power-station-700w-504wh\/"},"modified":"2026-05-14T09:10:49","modified_gmt":"2026-05-14T05:10:49","slug":"bluetti-ac50p-portable-power-station-700w-504wh","status":"publish","type":"product","link":"https:\/\/mycloud.ge\/ge\/shop\/ups-power\/power-accessories\/bluetti-ac50p-portable-power-station-700w-504wh\/","title":{"rendered":"Bluetti AC50P Portable Power Station | 700W 504Wh"},"content":{"rendered":"<ul>\n<li>Bluetti AC50P Portable Power Station | 700W 504Wh Model AC50P Battery Capacity 504 Wh (LiFePO\u2084) Battery Type LiFePO\u2084&#8230;<\/li>\n<li>Warranty: 5 year(s)<\/li>\n<\/ul>\n<p>Read full description below:<\/p>\n<p>Full name:<\/p>\n<p>Bluetti AC50P Portable Power Station | 700W 504Wh<\/p>\n<p>Full description:<\/p>\n<p>\u10db\u10dd\u10d3\u10d4\u10da\u10d8<br \/>\nAC50P<\/p>\n<p>Battery Capacity<br \/>\n504 Wh (LiFePO\u2084)<\/p>\n<p>Battery Type<br \/>\nLiFePO\u2084 (Lithium Iron Phosphate)<\/p>\n<p>Rated Output Power<br \/>\n700 W<\/p>\n<p>Peak Power<br \/>\n1200 W<\/p>\n<p>AC Outlets<br \/>\n2 \u00d7 AC (230 V \/ 50 Hz)<\/p>\n<p>USB Outputs<br \/>\n2 \u00d7 USB-C (PD 65 W), 1 \u00d7 USB-A (15 W)<\/p>\n<p>Additional Outputs<br \/>\n1 \u00d7 Car port (12 V \/ 10 A), wireless charging 15 W<\/p>\n<p>Input Power (AC + Solar)<br \/>\nup to 600 W (solar charging up to 200 W)<\/p>\n<p>Charge Controller Type<br \/>\nMPPT<\/p>\n<p>Connectors<br \/>\nMC4 \/ solar panel adapter<\/p>\n<p>Weight<br \/>\n6.9 kg (15.2 lbs)<\/p>\n<p>Dimensions<br \/>\n280 \u00d7 200 \u00d7 220 mm (11 \u00d7 7.9 \u00d7 8.7 inches)<\/p>\n<p>Operating Temperature<br \/>\nfrom -20\u2103 to +40\u2103 (from -4\u2109 to 104\u2109)<\/p>\n<p>Charging Temperature<br \/>\nfrom 0\u2103 to +40\u2103<\/p>\n<p>Optimal Operating Temperature<br \/>\n25\u2103 (77\u2109)<\/p>\n<p>Warranty<br \/>\n60 months<\/p>\n<p>Additional info:<\/p>\n<p>Bluetti AC50P Portable Power Station | 700W 504Wh<\/p>","protected":false},"excerpt":{"rendered":"<p>Bluetti AC50P Portable Power Station | 700W 504Wh Model AC50P Battery Capacity 504 Wh (LiFePO\u2084) Battery Type LiFePO\u2084 (Lithium Iron Phosphate) Rated Output Power 700 W Peak Power&#8230;<\/p>","protected":false},"featured_media":48713,"comment_status":"closed","ping_status":"open","template":"","meta":{"_acf_changed":false},"pwb-brand":[],"product_brand":[130],"product_cat":[1989],"product_tag":[],"class_list":{"0":"post-48712","1":"product","2":"type-product","3":"status-publish","4":"has-post-thumbnail","6":"product_brand-bluetti","7":"product_cat-power-accessories","8":"pa_dimensions-2777","9":"pa_warranty-1622","10":"pa_weight-2060","12":"first","13":"outofstock","14":"taxable","15":"shipping-taxable","16":"purchasable","17":"product-type-simple"},"acf":[],"brands":[],"_links":{"self":[{"href":"https:\/\/mycloud.ge\/ge\/wp-json\/wp\/v2\/product\/48712","targetHints":{"allow":["GET"]}}],"collection":[{"href":"https:\/\/mycloud.ge\/ge\/wp-json\/wp\/v2\/product"}],"about":[{"href":"https:\/\/mycloud.ge\/ge\/wp-json\/wp\/v2\/types\/product"}],"replies":[{"embeddable":true,"href":"https:\/\/mycloud.ge\/ge\/wp-json\/wp\/v2\/comments?post=48712"}],"version-history":[{"count":0,"href":"https:\/\/mycloud.ge\/ge\/wp-json\/wp\/v2\/product\/48712\/revisions"}],"wp:featuredmedia":[{"embeddable":true,"href":"https:\/\/mycloud.ge\/ge\/wp-json\/wp\/v2\/media\/48713"}],"wp:attachment":[{"href":"https:\/\/mycloud.ge\/ge\/wp-json\/wp\/v2\/media?parent=48712"}],"wp:term":[{"taxonomy":"pwb-brand","embeddable":true,"href":"https:\/\/mycloud.ge\/ge\/wp-json\/wp\/v2\/pwb-brand?post=48712"},{"taxonomy":"product_brand","embeddable":true,"href":"https:\/\/mycloud.ge\/ge\/wp-json\/wp\/v2\/product_brand?post=48712"},{"taxonomy":"product_cat","embeddable":true,"href":"https:\/\/mycloud.ge\/ge\/wp-json\/wp\/v2\/product_cat?post=48712"},{"taxonomy":"product_tag","embeddable":true,"href":"https:\/\/mycloud.ge\/ge\/wp-json\/wp\/v2\/product_tag?post=48712"}],"curies":[{"name":"wp","href":"https:\/\/api.w.org\/{rel}","templated":true}]}}