{"id":45035,"date":"2026-05-14T09:09:06","date_gmt":"2026-05-14T05:09:06","guid":{"rendered":"http:\/\/mycloud.ge\/en\/shop\/uncategorized\/bluetti-b300k-expansion-battery-2764-wh\/"},"modified":"2026-05-14T09:11:03","modified_gmt":"2026-05-14T05:11:03","slug":"bluetti-b300k-expansion-battery-2764-wh","status":"publish","type":"product","link":"https:\/\/mycloud.ge\/ge\/shop\/ups-power\/power-accessories\/bluetti-b300k-expansion-battery-2764-wh\/","title":{"rendered":"Bluetti B300K Expansion Battery 2764 Wh"},"content":{"rendered":"<ul>\n<li>Bluetti B300K Expansion Battery 2764 Wh Model Battery Capacity Battery Type Net Weight Dimensions (L x W x H) Chargin&#8230;<\/li>\n<\/ul>\n<p>Read full description below:<\/p>\n<p>Full name:<\/p>\n<p>Bluetti B300K Expansion Battery 2764 Wh<\/p>\n<p>Full description:<\/p>\n<p>\u10db\u10dd\u10d3\u10d4\u10da\u10d8<br \/>\nBattery Capacity<br \/>\nBattery Type<br \/>\nNet Weight<br \/>\nDimensions (L \u00d7 W \u00d7 H)<br \/>\nCharging Temperature<br \/>\nDischarging Temperature<br \/>\nWorking Humidity<br \/>\nB300K<br \/>\n2,764.8Wh (51.2V, 54Ah)<br \/>\nLFP<br \/>\nApprox. 29.5kg (65.04lbs)<br \/>\n525 \u00d7 327 \u00d7 209mm (20.67 \u00d7 12.87 \u00d7 8.23in)<br \/>\n0\u00b0C to 40\u00b0C (32\u00b0F to 104\u00b0F)<br \/>\n-20\u00b0C to 40\u00b0C (-4\u00b0F to 104\u00b0F)<br \/>\n5% to 95%RH<br \/>\nGeneral<br \/>\nDischarging Current<br \/>\n2 \u00d7 Expansion Port<br \/>\n70A Max.<br \/>\n58.4VDC Max., 90A Max.<br \/>\nUSB-A 12W Max., 5V \/ 2.4A<br \/>\nDC Output<br \/>\nStorage Temperature Up to 1 month: -20\u00b0C to 40\u00b0C (-4\u00b0F to 104\u00b0F)<br \/>\nUp to 6 months: -20\u00b0C to 25\u00b0C (-4\u00b0F to 77\u00b0F)<br \/>\nCharging Current 60A Max.<\/p>\n<p>Additional info:<\/p>\n<p>Bluetti B300K Expansion Battery 2764 Wh<\/p>","protected":false},"excerpt":{"rendered":"<p>Bluetti B300K Expansion Battery 2764 Wh Model Battery Capacity Battery Type Net Weight Dimensions (L x W x H) Charging Temperature Discharging Temperature Working Humidity B300K&#8230;<\/p>","protected":false},"featured_media":47184,"comment_status":"closed","ping_status":"open","template":"","meta":{"_acf_changed":false},"pwb-brand":[],"product_brand":[130],"product_cat":[1989],"product_tag":[],"class_list":{"0":"post-45035","1":"product","2":"type-product","3":"status-publish","4":"has-post-thumbnail","6":"product_brand-bluetti","7":"product_cat-power-accessories","8":"pa_dimensions-2799","9":"pa_weight-2155","11":"first","12":"instock","13":"taxable","14":"shipping-taxable","15":"purchasable","16":"product-type-simple"},"acf":[],"brands":[],"_links":{"self":[{"href":"https:\/\/mycloud.ge\/ge\/wp-json\/wp\/v2\/product\/45035","targetHints":{"allow":["GET"]}}],"collection":[{"href":"https:\/\/mycloud.ge\/ge\/wp-json\/wp\/v2\/product"}],"about":[{"href":"https:\/\/mycloud.ge\/ge\/wp-json\/wp\/v2\/types\/product"}],"replies":[{"embeddable":true,"href":"https:\/\/mycloud.ge\/ge\/wp-json\/wp\/v2\/comments?post=45035"}],"version-history":[{"count":0,"href":"https:\/\/mycloud.ge\/ge\/wp-json\/wp\/v2\/product\/45035\/revisions"}],"wp:featuredmedia":[{"embeddable":true,"href":"https:\/\/mycloud.ge\/ge\/wp-json\/wp\/v2\/media\/47184"}],"wp:attachment":[{"href":"https:\/\/mycloud.ge\/ge\/wp-json\/wp\/v2\/media?parent=45035"}],"wp:term":[{"taxonomy":"pwb-brand","embeddable":true,"href":"https:\/\/mycloud.ge\/ge\/wp-json\/wp\/v2\/pwb-brand?post=45035"},{"taxonomy":"product_brand","embeddable":true,"href":"https:\/\/mycloud.ge\/ge\/wp-json\/wp\/v2\/product_brand?post=45035"},{"taxonomy":"product_cat","embeddable":true,"href":"https:\/\/mycloud.ge\/ge\/wp-json\/wp\/v2\/product_cat?post=45035"},{"taxonomy":"product_tag","embeddable":true,"href":"https:\/\/mycloud.ge\/ge\/wp-json\/wp\/v2\/product_tag?post=45035"}],"curies":[{"name":"wp","href":"https:\/\/api.w.org\/{rel}","templated":true}]}}